{"id":5,"date":"2023-10-30T08:47:49","date_gmt":"2023-10-30T07:47:49","guid":{"rendered":"http:\/\/kimatech.fr\/?page_id=5"},"modified":"2025-10-31T15:33:12","modified_gmt":"2025-10-31T14:33:12","slug":"kimatech","status":"publish","type":"page","link":"https:\/\/kimatech.fr\/","title":{"rendered":"Pr\u00e9sentation"},"content":{"rendered":"\n<h2 class=\"wp-block-heading has-black-color has-text-color has-link-color has-medium-font-size wp-elements-d1e23a9be6322f7054204b74d7b3edfc\">Bienvenue sur la page de Kimatech !<\/h2>\n\n\n\n<p class=\"has-black-color has-text-color\">Kimatech est une soci\u00e9t\u00e9 de conseil sp\u00e9cialis\u00e9e en <strong>intelligence artificielle<\/strong> et <strong>apprentissage automatique<\/strong>.<\/p>\n\n\n\n<p class=\"has-black-color has-text-color\">Notre mission : accompagner les entreprises dans la conception, le d\u00e9veloppement et l\u2019int\u00e9gration de solutions d\u2019IA adapt\u00e9es \u00e0 leurs besoins.<\/p>\n\n\n\n<p class=\"has-black-color has-text-color\">Actuellement, Kimatech est une structure unipersonnelle, fond\u00e9e et dirig\u00e9e par moi-m\u00eame. Aucun projet de recrutement pour le moment \u2014 mais qui sait ce que l\u2019avenir nous r\u00e9serve ?<\/p>\n\n\n\n<h2 class=\"wp-block-heading has-medium-font-size\" id=\"who\">Qui suis-je ?<\/h2>\n\n\n\n<div class=\"wp-block-columns is-layout-flex wp-container-core-columns-is-layout-9d6595d7 wp-block-columns-is-layout-flex\">\n<div class=\"wp-block-column is-layout-flow wp-block-column-is-layout-flow\"><div class=\"wp-block-image is-style-rounded\">\n<figure class=\"aligncenter size-large is-resized\"><img loading=\"lazy\" decoding=\"async\" width=\"683\" height=\"1024\" src=\"https:\/\/kimatech.fr\/wp-content\/uploads\/2025\/01\/009-Florent-Stephan-0086-683x1024.jpg\" alt=\"\" class=\"wp-image-128\" style=\"aspect-ratio:0.75;object-fit:cover;width:271px;height:auto\" srcset=\"https:\/\/kimatech.fr\/wp-content\/uploads\/2025\/01\/009-Florent-Stephan-0086-683x1024.jpg 683w, https:\/\/kimatech.fr\/wp-content\/uploads\/2025\/01\/009-Florent-Stephan-0086-200x300.jpg 200w, https:\/\/kimatech.fr\/wp-content\/uploads\/2025\/01\/009-Florent-Stephan-0086-768x1152.jpg 768w, https:\/\/kimatech.fr\/wp-content\/uploads\/2025\/01\/009-Florent-Stephan-0086-1024x1536.jpg 1024w, https:\/\/kimatech.fr\/wp-content\/uploads\/2025\/01\/009-Florent-Stephan-0086-1365x2048.jpg 1365w, https:\/\/kimatech.fr\/wp-content\/uploads\/2025\/01\/009-Florent-Stephan-0086-scaled.jpg 1706w\" sizes=\"auto, (max-width: 683px) 100vw, 683px\" \/><\/figure>\n<\/div><\/div>\n\n\n\n<div class=\"wp-block-column is-layout-flow wp-block-column-is-layout-flow\">\n<p><\/p>\n\n\n\n<p class=\"has-black-color has-text-color has-link-color wp-elements-20fa5a1ce1649d853630194293d2f9af\">Je m&rsquo;appelle Florent Rioland. Ing\u00e9nieur logiciel depuis 2010 et passionn\u00e9 de Jeu de Go, je me suis int\u00e9ress\u00e9 \u00e0 l\u2019intelligence artificielle apr\u00e8s la victoire d\u2019AlphaGo sur Lee Sedol en 2016 \u2014 un tournant majeur dans le domaine.<\/p>\n\n\n\n<p class=\"has-black-color has-text-color has-link-color wp-elements-dce09c60a956b986923dcdd9a09e277f\">\u00c0 partir de 2020, j\u2019ai choisi de me sp\u00e9cialiser en IA et Deep Learning, en alternant autoformation et missions freelance pendant deux ans.<\/p>\n\n\n\n<p class=\"has-black-color has-text-color\">En 2023, j\u2019ai fond\u00e9 Kimatech, et j\u2019exerce depuis comme consultant ind\u00e9pendant en intelligence artificielle et d\u00e9veloppement logiciel.<\/p>\n<\/div>\n<\/div>\n\n\n\n<h2 class=\"wp-block-heading has-medium-font-size\" id=\"contact\">Contact<\/h2>\n\n\n\n<div class=\"wp-block-columns is-layout-flex wp-container-core-columns-is-layout-9d6595d7 wp-block-columns-is-layout-flex\">\n<div class=\"wp-block-column is-layout-flow wp-block-column-is-layout-flow\"><\/div>\n\n\n\n<div class=\"wp-block-column is-layout-flow wp-block-column-is-layout-flow\" style=\"flex-basis:600px\"><style id=\"wpforms-css-vars-root\">\n\t\t\t\t:root {\n\t\t\t\t\t--wpforms-field-border-radius: 3px;\n--wpforms-field-border-style: solid;\n--wpforms-field-border-size: 1px;\n--wpforms-field-background-color: #ffffff;\n--wpforms-field-border-color: rgba( 0, 0, 0, 0.25 );\n--wpforms-field-border-color-spare: rgba( 0, 0, 0, 0.25 );\n--wpforms-field-text-color: rgba( 0, 0, 0, 0.7 );\n--wpforms-field-menu-color: #ffffff;\n--wpforms-label-color: rgba( 0, 0, 0, 0.85 );\n--wpforms-label-sublabel-color: rgba( 0, 0, 0, 0.55 );\n--wpforms-label-error-color: #d63637;\n--wpforms-button-border-radius: 3px;\n--wpforms-button-border-style: none;\n--wpforms-button-border-size: 1px;\n--wpforms-button-background-color: #066aab;\n--wpforms-button-border-color: #066aab;\n--wpforms-button-text-color: #ffffff;\n--wpforms-page-break-color: #066aab;\n--wpforms-background-image: none;\n--wpforms-background-position: center center;\n--wpforms-background-repeat: no-repeat;\n--wpforms-background-size: cover;\n--wpforms-background-width: 100px;\n--wpforms-background-height: 100px;\n--wpforms-background-color: rgba( 0, 0, 0, 0 );\n--wpforms-background-url: none;\n--wpforms-container-padding: 0px;\n--wpforms-container-border-style: none;\n--wpforms-container-border-width: 1px;\n--wpforms-container-border-color: #000000;\n--wpforms-container-border-radius: 3px;\n--wpforms-field-size-input-height: 43px;\n--wpforms-field-size-input-spacing: 15px;\n--wpforms-field-size-font-size: 16px;\n--wpforms-field-size-line-height: 19px;\n--wpforms-field-size-padding-h: 14px;\n--wpforms-field-size-checkbox-size: 16px;\n--wpforms-field-size-sublabel-spacing: 5px;\n--wpforms-field-size-icon-size: 1;\n--wpforms-label-size-font-size: 16px;\n--wpforms-label-size-line-height: 19px;\n--wpforms-label-size-sublabel-font-size: 14px;\n--wpforms-label-size-sublabel-line-height: 17px;\n--wpforms-button-size-font-size: 17px;\n--wpforms-button-size-height: 41px;\n--wpforms-button-size-padding-h: 15px;\n--wpforms-button-size-margin-top: 10px;\n--wpforms-container-shadow-size-box-shadow: none;\n\n\t\t\t\t}\n\t\t\t<\/style><style id=\"wpforms-css-vars-52-block-538e475a-3663-4a6e-871f-9bb38329684f\">\n\t\t\t\t#wpforms-52.wpforms-block-538e475a-3663-4a6e-871f-9bb38329684f {\n\t\t\t\t\t--wpforms-button-background-color: #5c2a87;\n--wpforms-field-size-input-height: 43px;\n--wpforms-field-size-input-spacing: 15px;\n--wpforms-field-size-font-size: 16px;\n--wpforms-field-size-line-height: 19px;\n--wpforms-field-size-padding-h: 14px;\n--wpforms-field-size-checkbox-size: 16px;\n--wpforms-field-size-sublabel-spacing: 5px;\n--wpforms-field-size-icon-size: 1;\n--wpforms-label-size-font-size: 14px;\n--wpforms-label-size-line-height: 17px;\n--wpforms-label-size-sublabel-font-size: 13px;\n--wpforms-label-size-sublabel-line-height: 16px;\n--wpforms-button-size-font-size: 17px;\n--wpforms-button-size-height: 41px;\n--wpforms-button-size-padding-h: 15px;\n--wpforms-button-size-margin-top: 10px;\n\n\t\t\t\t}\n\t\t\t<\/style><div class=\"wpforms-container wpforms-container-full wpforms-block wpforms-block-538e475a-3663-4a6e-871f-9bb38329684f wpforms-render-modern\" id=\"wpforms-52\"><form id=\"wpforms-form-52\" class=\"wpforms-validate wpforms-form wpforms-ajax-form\" data-formid=\"52\" method=\"post\" enctype=\"multipart\/form-data\" action=\"\/index.php?rest_route=%2Fwp%2Fv2%2Fpages%2F5\" data-token=\"c9d85f2836980e7eb78f690adcfe8dd1\" data-token-time=\"1775417127\"><noscript class=\"wpforms-error-noscript\">Veuillez activer JavaScript dans votre navigateur pour remplir ce formulaire.<\/noscript><div class=\"wpforms-hidden\" id=\"wpforms-error-noscript\">Veuillez activer JavaScript dans votre navigateur pour remplir ce formulaire.<\/div><div class=\"wpforms-field-container\"><div id=\"wpforms-52-field_0-container\" class=\"wpforms-field wpforms-field-name\" data-field-id=\"0\"><fieldset><legend class=\"wpforms-field-label\">Nom <span class=\"wpforms-required-label\" aria-hidden=\"true\">*<\/span><\/legend><div class=\"wpforms-field-row wpforms-field-medium\"><div class=\"wpforms-field-row-block wpforms-first wpforms-one-half\"><input type=\"text\" id=\"wpforms-52-field_0\" class=\"wpforms-field-name-first wpforms-field-required\" name=\"wpforms[fields][0][first]\" aria-errormessage=\"wpforms-52-field_0-error\" required><label for=\"wpforms-52-field_0\" class=\"wpforms-field-sublabel after\">Pr\u00e9nom<\/label><\/div><div class=\"wpforms-field-row-block wpforms-one-half\"><input type=\"text\" id=\"wpforms-52-field_0-last\" class=\"wpforms-field-name-last wpforms-field-required\" name=\"wpforms[fields][0][last]\" aria-errormessage=\"wpforms-52-field_0-last-error\" required><label for=\"wpforms-52-field_0-last\" class=\"wpforms-field-sublabel after\">Nom<\/label><\/div><\/div><\/fieldset><\/div><div id=\"wpforms-52-field_1-container\" class=\"wpforms-field wpforms-field-email\" data-field-id=\"1\"><label class=\"wpforms-field-label\" for=\"wpforms-52-field_1\">E-mail <span class=\"wpforms-required-label\" aria-hidden=\"true\">*<\/span><\/label><input type=\"email\" id=\"wpforms-52-field_1\" class=\"wpforms-field-medium wpforms-field-required\" name=\"wpforms[fields][1]\" spellcheck=\"false\" aria-errormessage=\"wpforms-52-field_1-error\" required><\/div><div id=\"wpforms-52-field_2-container\" class=\"wpforms-field wpforms-field-textarea\" data-field-id=\"2\"><label class=\"wpforms-field-label\" for=\"wpforms-52-field_2\">Message <span class=\"wpforms-required-label\" aria-hidden=\"true\">*<\/span><\/label><textarea id=\"wpforms-52-field_2\" class=\"wpforms-field-medium wpforms-field-required\" name=\"wpforms[fields][2]\" aria-errormessage=\"wpforms-52-field_2-error\" required><\/textarea><\/div><\/div><!-- .wpforms-field-container --><div class=\"wpforms-recaptcha-container wpforms-is-recaptcha wpforms-is-recaptcha-type-v3\" ><input type=\"hidden\" name=\"wpforms[recaptcha]\" value=\"\"><\/div><div class=\"wpforms-submit-container\" ><input type=\"hidden\" name=\"wpforms[id]\" value=\"52\"><input type=\"hidden\" name=\"page_title\" value=\"\"><input type=\"hidden\" name=\"page_url\" value=\"https:\/\/kimatech.fr\/index.php?rest_route=%2Fwp%2Fv2%2Fpages%2F5\"><button type=\"submit\" name=\"wpforms[submit]\" id=\"wpforms-submit-52\" class=\"wpforms-submit\" data-alt-text=\"Envoi...\" data-submit-text=\"Envoyer\" aria-live=\"assertive\" value=\"wpforms-submit\">Envoyer<\/button><img loading=\"lazy\" decoding=\"async\" src=\"https:\/\/kimatech.fr\/wp-content\/plugins\/wpforms-lite\/assets\/images\/submit-spin.svg\" class=\"wpforms-submit-spinner\" style=\"display: none;\" width=\"26\" height=\"26\" alt=\"Chargement en cours\"><\/div><\/form><\/div>  <!-- .wpforms-container -->\n\n\n<p>Ce formulaire est susceptible de collecter des informations personnelles.<br><a href=\"https:\/\/kimatech.fr\/?page_id=3\">Politique de protection des donn\u00e9es personnelles<\/a><\/p>\n<\/div>\n\n\n\n<div class=\"wp-block-column is-layout-flow wp-block-column-is-layout-flow\"><\/div>\n<\/div>\n","protected":false},"excerpt":{"rendered":"<p>Bienvenue sur la page de Kimatech ! Kimatech est une soci\u00e9t\u00e9 de conseil sp\u00e9cialis\u00e9e en intelligence artificielle et apprentissage automatique. Notre mission : accompagner les entreprises dans la conception, le &#8230;<\/p>\n","protected":false},"author":1,"featured_media":0,"parent":0,"menu_order":0,"comment_status":"closed","ping_status":"closed","template":"","meta":{"footnotes":""},"class_list":["post-5","page","type-page","status-publish","hentry"],"yoast_head":"<!-- This site is optimized with the Yoast SEO plugin v24.1 - https:\/\/yoast.com\/wordpress\/plugins\/seo\/ -->\n<title>Pr\u00e9sentation - Kimatech<\/title>\n<meta name=\"description\" content=\"Kimatech est une soci\u00e9t\u00e9 de conseil en Intelligence Artificielle et Apprentissage Automatique.\" \/>\n<meta name=\"robots\" content=\"index, follow, max-snippet:-1, max-image-preview:large, max-video-preview:-1\" \/>\n<link rel=\"canonical\" href=\"https:\/\/www.kimatech.fr\" \/>\n<meta property=\"og:locale\" content=\"fr_FR\" \/>\n<meta property=\"og:type\" content=\"article\" \/>\n<meta property=\"og:title\" content=\"Pr\u00e9sentation - Kimatech\" \/>\n<meta property=\"og:description\" content=\"Kimatech est une soci\u00e9t\u00e9 de conseil en Intelligence Artificielle et Apprentissage Automatique.\" \/>\n<meta property=\"og:url\" content=\"https:\/\/www.kimatech.fr\" \/>\n<meta property=\"og:site_name\" content=\"Kimatech\" \/>\n<meta property=\"article:modified_time\" content=\"2025-10-31T14:33:12+00:00\" \/>\n<meta property=\"og:image\" content=\"https:\/\/kimatech.fr\/wp-content\/uploads\/2025\/01\/009-Florent-Stephan-0086-scaled.jpg\" \/>\n\t<meta property=\"og:image:width\" content=\"1706\" \/>\n\t<meta property=\"og:image:height\" content=\"2560\" \/>\n\t<meta property=\"og:image:type\" content=\"image\/jpeg\" \/>\n<meta name=\"twitter:card\" content=\"summary_large_image\" \/>\n<meta name=\"twitter:label1\" content=\"Dur\u00e9e de lecture estim\u00e9e\" \/>\n\t<meta name=\"twitter:data1\" content=\"2 minutes\" \/>\n<script type=\"application\/ld+json\" class=\"yoast-schema-graph\">{\"@context\":\"https:\/\/schema.org\",\"@graph\":[{\"@type\":\"WebPage\",\"@id\":\"https:\/\/kimatech.fr\/\",\"url\":\"https:\/\/www.kimatech.fr\",\"name\":\"Pr\u00e9sentation - Kimatech\",\"isPartOf\":{\"@id\":\"http:\/\/kimatech.fr\/#website\"},\"primaryImageOfPage\":{\"@id\":\"https:\/\/www.kimatech.fr#primaryimage\"},\"image\":{\"@id\":\"https:\/\/www.kimatech.fr#primaryimage\"},\"thumbnailUrl\":\"https:\/\/kimatech.fr\/wp-content\/uploads\/2025\/01\/009-Florent-Stephan-0086-683x1024.jpg\",\"datePublished\":\"2023-10-30T07:47:49+00:00\",\"dateModified\":\"2025-10-31T14:33:12+00:00\",\"description\":\"Kimatech est une soci\u00e9t\u00e9 de conseil en Intelligence Artificielle et Apprentissage Automatique.\",\"breadcrumb\":{\"@id\":\"https:\/\/www.kimatech.fr#breadcrumb\"},\"inLanguage\":\"fr-FR\",\"potentialAction\":[{\"@type\":\"ReadAction\",\"target\":[\"https:\/\/www.kimatech.fr\"]}]},{\"@type\":\"ImageObject\",\"inLanguage\":\"fr-FR\",\"@id\":\"https:\/\/www.kimatech.fr#primaryimage\",\"url\":\"https:\/\/kimatech.fr\/wp-content\/uploads\/2025\/01\/009-Florent-Stephan-0086-scaled.jpg\",\"contentUrl\":\"https:\/\/kimatech.fr\/wp-content\/uploads\/2025\/01\/009-Florent-Stephan-0086-scaled.jpg\",\"width\":1706,\"height\":2560},{\"@type\":\"BreadcrumbList\",\"@id\":\"https:\/\/www.kimatech.fr#breadcrumb\",\"itemListElement\":[{\"@type\":\"ListItem\",\"position\":1,\"name\":\"Accueil\",\"item\":\"https:\/\/kimatech.fr\/\"},{\"@type\":\"ListItem\",\"position\":2,\"name\":\"Pr\u00e9sentation\"}]},{\"@type\":\"WebSite\",\"@id\":\"http:\/\/kimatech.fr\/#website\",\"url\":\"http:\/\/kimatech.fr\/\",\"name\":\"Kimatech\",\"description\":\"Conseil en IA et ML\",\"publisher\":{\"@id\":\"http:\/\/kimatech.fr\/#organization\"},\"potentialAction\":[{\"@type\":\"SearchAction\",\"target\":{\"@type\":\"EntryPoint\",\"urlTemplate\":\"http:\/\/kimatech.fr\/?s={search_term_string}\"},\"query-input\":{\"@type\":\"PropertyValueSpecification\",\"valueRequired\":true,\"valueName\":\"search_term_string\"}}],\"inLanguage\":\"fr-FR\"},{\"@type\":\"Organization\",\"@id\":\"http:\/\/kimatech.fr\/#organization\",\"name\":\"Kimatech\",\"url\":\"http:\/\/kimatech.fr\/\",\"logo\":{\"@type\":\"ImageObject\",\"inLanguage\":\"fr-FR\",\"@id\":\"http:\/\/kimatech.fr\/#\/schema\/logo\/image\/\",\"url\":\"https:\/\/kimatech.fr\/wp-content\/uploads\/2023\/10\/cropped-logo_v1.png\",\"contentUrl\":\"https:\/\/kimatech.fr\/wp-content\/uploads\/2023\/10\/cropped-logo_v1.png\",\"width\":587,\"height\":132,\"caption\":\"Kimatech\"},\"image\":{\"@id\":\"http:\/\/kimatech.fr\/#\/schema\/logo\/image\/\"},\"sameAs\":[\"https:\/\/www.linkedin.com\/company\/98614150\/\"]}]}<\/script>\n<!-- \/ Yoast SEO plugin. -->","yoast_head_json":{"title":"Pr\u00e9sentation - Kimatech","description":"Kimatech est une soci\u00e9t\u00e9 de conseil en Intelligence Artificielle et Apprentissage Automatique.","robots":{"index":"index","follow":"follow","max-snippet":"max-snippet:-1","max-image-preview":"max-image-preview:large","max-video-preview":"max-video-preview:-1"},"canonical":"https:\/\/www.kimatech.fr","og_locale":"fr_FR","og_type":"article","og_title":"Pr\u00e9sentation - Kimatech","og_description":"Kimatech est une soci\u00e9t\u00e9 de conseil en Intelligence Artificielle et Apprentissage Automatique.","og_url":"https:\/\/www.kimatech.fr","og_site_name":"Kimatech","article_modified_time":"2025-10-31T14:33:12+00:00","og_image":[{"width":1706,"height":2560,"url":"https:\/\/kimatech.fr\/wp-content\/uploads\/2025\/01\/009-Florent-Stephan-0086-scaled.jpg","type":"image\/jpeg"}],"twitter_card":"summary_large_image","twitter_misc":{"Dur\u00e9e de lecture estim\u00e9e":"2 minutes"},"schema":{"@context":"https:\/\/schema.org","@graph":[{"@type":"WebPage","@id":"https:\/\/kimatech.fr\/","url":"https:\/\/www.kimatech.fr","name":"Pr\u00e9sentation - Kimatech","isPartOf":{"@id":"http:\/\/kimatech.fr\/#website"},"primaryImageOfPage":{"@id":"https:\/\/www.kimatech.fr#primaryimage"},"image":{"@id":"https:\/\/www.kimatech.fr#primaryimage"},"thumbnailUrl":"https:\/\/kimatech.fr\/wp-content\/uploads\/2025\/01\/009-Florent-Stephan-0086-683x1024.jpg","datePublished":"2023-10-30T07:47:49+00:00","dateModified":"2025-10-31T14:33:12+00:00","description":"Kimatech est une soci\u00e9t\u00e9 de conseil en Intelligence Artificielle et Apprentissage Automatique.","breadcrumb":{"@id":"https:\/\/www.kimatech.fr#breadcrumb"},"inLanguage":"fr-FR","potentialAction":[{"@type":"ReadAction","target":["https:\/\/www.kimatech.fr"]}]},{"@type":"ImageObject","inLanguage":"fr-FR","@id":"https:\/\/www.kimatech.fr#primaryimage","url":"https:\/\/kimatech.fr\/wp-content\/uploads\/2025\/01\/009-Florent-Stephan-0086-scaled.jpg","contentUrl":"https:\/\/kimatech.fr\/wp-content\/uploads\/2025\/01\/009-Florent-Stephan-0086-scaled.jpg","width":1706,"height":2560},{"@type":"BreadcrumbList","@id":"https:\/\/www.kimatech.fr#breadcrumb","itemListElement":[{"@type":"ListItem","position":1,"name":"Accueil","item":"https:\/\/kimatech.fr\/"},{"@type":"ListItem","position":2,"name":"Pr\u00e9sentation"}]},{"@type":"WebSite","@id":"http:\/\/kimatech.fr\/#website","url":"http:\/\/kimatech.fr\/","name":"Kimatech","description":"Conseil en IA et ML","publisher":{"@id":"http:\/\/kimatech.fr\/#organization"},"potentialAction":[{"@type":"SearchAction","target":{"@type":"EntryPoint","urlTemplate":"http:\/\/kimatech.fr\/?s={search_term_string}"},"query-input":{"@type":"PropertyValueSpecification","valueRequired":true,"valueName":"search_term_string"}}],"inLanguage":"fr-FR"},{"@type":"Organization","@id":"http:\/\/kimatech.fr\/#organization","name":"Kimatech","url":"http:\/\/kimatech.fr\/","logo":{"@type":"ImageObject","inLanguage":"fr-FR","@id":"http:\/\/kimatech.fr\/#\/schema\/logo\/image\/","url":"https:\/\/kimatech.fr\/wp-content\/uploads\/2023\/10\/cropped-logo_v1.png","contentUrl":"https:\/\/kimatech.fr\/wp-content\/uploads\/2023\/10\/cropped-logo_v1.png","width":587,"height":132,"caption":"Kimatech"},"image":{"@id":"http:\/\/kimatech.fr\/#\/schema\/logo\/image\/"},"sameAs":["https:\/\/www.linkedin.com\/company\/98614150\/"]}]}},"_links":{"self":[{"href":"https:\/\/kimatech.fr\/index.php?rest_route=\/wp\/v2\/pages\/5","targetHints":{"allow":["GET"]}}],"collection":[{"href":"https:\/\/kimatech.fr\/index.php?rest_route=\/wp\/v2\/pages"}],"about":[{"href":"https:\/\/kimatech.fr\/index.php?rest_route=\/wp\/v2\/types\/page"}],"author":[{"embeddable":true,"href":"https:\/\/kimatech.fr\/index.php?rest_route=\/wp\/v2\/users\/1"}],"replies":[{"embeddable":true,"href":"https:\/\/kimatech.fr\/index.php?rest_route=%2Fwp%2Fv2%2Fcomments&post=5"}],"version-history":[{"count":39,"href":"https:\/\/kimatech.fr\/index.php?rest_route=\/wp\/v2\/pages\/5\/revisions"}],"predecessor-version":[{"id":162,"href":"https:\/\/kimatech.fr\/index.php?rest_route=\/wp\/v2\/pages\/5\/revisions\/162"}],"wp:attachment":[{"href":"https:\/\/kimatech.fr\/index.php?rest_route=%2Fwp%2Fv2%2Fmedia&parent=5"}],"curies":[{"name":"wp","href":"https:\/\/api.w.org\/{rel}","templated":true}]}}