{"id":3,"date":"2023-04-24T15:11:24","date_gmt":"2023-04-24T13:11:24","guid":{"rendered":"http:\/\/kimatech.fr\/?page_id=3"},"modified":"2025-10-31T11:51:57","modified_gmt":"2025-10-31T10:51:57","slug":"politique-de-confidentialite","status":"publish","type":"page","link":"https:\/\/kimatech.fr\/?page_id=3","title":{"rendered":"Politique de confidentialit\u00e9"},"content":{"rendered":"\n<h2 class=\"wp-block-heading\">Objectif<\/h2>\n\n\n\n<p>La soci\u00e9t\u00e9 Kimatech SAS (ci-apr\u00e8s \u00ab&nbsp;Kimatech&nbsp;\u00bb) s\u2019engage \u00e0 ce que les traitements de donn\u00e9es personnelles effectu\u00e9s sur son site kimatech.fr soient conformes au r\u00e8glement g\u00e9n\u00e9ral sur la protection des donn\u00e9es (RGPD) et \u00e0 la loi Informatique et Libert\u00e9s.<\/p>\n\n\n\n<p>Cette politique de protection des donn\u00e9es vise \u00e0 d\u00e9crire les mesures que Kimatech met en \u0153uvre pour prot\u00e9ger les donn\u00e9es personnelles, et vous informer des droits et libert\u00e9s que vous pouvez faire valoir \u00e0 cet \u00e9gard.<\/p>\n\n\n\n<p>Kimatech agit en qualit\u00e9 de \u00ab&nbsp;responsable de traitement&nbsp;\u00bb en vertu du RGPD pour les traitements mis en \u0153uvre aux fins de la gestion du site internet.<\/p>\n\n\n\n<h2 class=\"wp-block-heading\">Donn\u00e9es personnelles trait\u00e9es<\/h2>\n\n\n\n<h2 class=\"wp-block-heading has-medium-font-size\">Formulaire de contact<\/h2>\n\n\n\n<p>Kimatech est susceptible de collecter des donn\u00e9es personnelles via le formulaire de contact de son site web kimatech.fr. Ce dernier peut collecter les donn\u00e9es personnelles suivantes&nbsp;:<\/p>\n\n\n\n<ul class=\"wp-block-list\">\n<li>Nom,<\/li>\n\n\n\n<li>Pr\u00e9nom,<\/li>\n\n\n\n<li>Adresse email.<\/li>\n<\/ul>\n\n\n\n<p>Ces donn\u00e9es sont utilis\u00e9es par le service de communication de Kimatech. Ces donn\u00e9es sont conserv\u00e9es jusqu\u2019\u00e0 2 ans apr\u00e8s le dernier contact avec la soci\u00e9t\u00e9.<\/p>\n\n\n\n<h2 class=\"wp-block-heading\">Transfert de donn\u00e9es personnelles<\/h2>\n\n\n\n<p>Nous ne transf\u00e9rons aucune donn\u00e9e personnelle en dehors de la soci\u00e9t\u00e9, \u00e0 moins que\u00a0:<\/p>\n\n\n\n<ul class=\"wp-block-list\">\n<li>Les lois, d\u00e9cisions de justice et\/ou demandes des autorit\u00e9s publiques et gouvernementales nous y contraignent,<\/li>\n\n\n\n<li>Nous consid\u00e9rons que la divulgation de donn\u00e9es personnelles est n\u00e9cessaire et\/ou appropri\u00e9e pour des raisons de s\u00e9curit\u00e9 nationale, d\u2019importance publique ou en application de la loi.<\/li>\n<\/ul>\n\n\n\n<h2 class=\"wp-block-heading\">Protection des donn\u00e9es personnelles<\/h2>\n\n\n\n<p>Kimatech prend toutes les pr\u00e9cautions n\u00e9cessaires, notamment des mesures administratives, techniques, organisationnelles ainsi que physiques, afin de prot\u00e9ger les donn\u00e9es personnelles collect\u00e9es contre toute perte, vol et soustraction frauduleuse, ainsi que contre tout acc\u00e8s, divulgation, alt\u00e9ration ou destruction non autoris\u00e9s des Donn\u00e9es Personnelles.<\/p>\n\n\n\n<h2 class=\"wp-block-heading\">Exercer vos droits<\/h2>\n\n\n\n<p>Pour toute information ou exercice de vos droits sur les traitements de donn\u00e9es personnelles g\u00e9r\u00e9s par Kimatech, vous pouvez nous contacter via le formulaire disponible sur le site web kimatech.fr.<\/p>\n\n\n\n<p>Conform\u00e9ment \u00e0 la r\u00e9glementation applicable, vous \u00eates en droit d\u2019introduire une r\u00e9clamation aupr\u00e8s de l\u2019autorit\u00e9 de contr\u00f4le comp\u00e9tente telle que la CNIL (Commission nationale de l\u2019informatique et des libert\u00e9s) en France.<\/p>\n","protected":false},"excerpt":{"rendered":"<p>Objectif La soci\u00e9t\u00e9 Kimatech SAS (ci-apr\u00e8s \u00ab&nbsp;Kimatech&nbsp;\u00bb) s\u2019engage \u00e0 ce que les traitements de donn\u00e9es personnelles effectu\u00e9s sur son site kimatech.fr soient conformes au r\u00e8glement g\u00e9n\u00e9ral sur la protection des &#8230;<\/p>\n","protected":false},"author":1,"featured_media":0,"parent":0,"menu_order":0,"comment_status":"closed","ping_status":"open","template":"","meta":{"footnotes":""},"class_list":["post-3","page","type-page","status-publish","hentry"],"yoast_head":"<!-- This site is optimized with the Yoast SEO plugin v24.1 - https:\/\/yoast.com\/wordpress\/plugins\/seo\/ -->\n<title>Politique de confidentialit\u00e9 - Kimatech<\/title>\n<meta name=\"robots\" content=\"index, follow, max-snippet:-1, max-image-preview:large, max-video-preview:-1\" \/>\n<link rel=\"canonical\" href=\"https:\/\/kimatech.fr\/?page_id=3\" \/>\n<meta property=\"og:locale\" content=\"fr_FR\" \/>\n<meta property=\"og:type\" content=\"article\" \/>\n<meta property=\"og:title\" content=\"Politique de confidentialit\u00e9 - Kimatech\" \/>\n<meta property=\"og:description\" content=\"Objectif La soci\u00e9t\u00e9 Kimatech SAS (ci-apr\u00e8s \u00ab&nbsp;Kimatech&nbsp;\u00bb) s\u2019engage \u00e0 ce que les traitements de donn\u00e9es personnelles effectu\u00e9s sur son site kimatech.fr soient conformes au r\u00e8glement g\u00e9n\u00e9ral sur la protection des ...\" \/>\n<meta property=\"og:url\" content=\"https:\/\/kimatech.fr\/?page_id=3\" \/>\n<meta property=\"og:site_name\" content=\"Kimatech\" \/>\n<meta property=\"article:modified_time\" content=\"2025-10-31T10:51:57+00:00\" \/>\n<meta name=\"twitter:card\" content=\"summary_large_image\" \/>\n<meta name=\"twitter:label1\" content=\"Dur\u00e9e de lecture estim\u00e9e\" \/>\n\t<meta name=\"twitter:data1\" content=\"2 minutes\" \/>\n<script type=\"application\/ld+json\" class=\"yoast-schema-graph\">{\"@context\":\"https:\/\/schema.org\",\"@graph\":[{\"@type\":\"WebPage\",\"@id\":\"https:\/\/kimatech.fr\/?page_id=3\",\"url\":\"https:\/\/kimatech.fr\/?page_id=3\",\"name\":\"Politique de confidentialit\u00e9 - Kimatech\",\"isPartOf\":{\"@id\":\"http:\/\/kimatech.fr\/#website\"},\"datePublished\":\"2023-04-24T13:11:24+00:00\",\"dateModified\":\"2025-10-31T10:51:57+00:00\",\"breadcrumb\":{\"@id\":\"https:\/\/kimatech.fr\/?page_id=3#breadcrumb\"},\"inLanguage\":\"fr-FR\",\"potentialAction\":[{\"@type\":\"ReadAction\",\"target\":[\"https:\/\/kimatech.fr\/?page_id=3\"]}]},{\"@type\":\"BreadcrumbList\",\"@id\":\"https:\/\/kimatech.fr\/?page_id=3#breadcrumb\",\"itemListElement\":[{\"@type\":\"ListItem\",\"position\":1,\"name\":\"Accueil\",\"item\":\"https:\/\/kimatech.fr\/\"},{\"@type\":\"ListItem\",\"position\":2,\"name\":\"Politique de confidentialit\u00e9\"}]},{\"@type\":\"WebSite\",\"@id\":\"http:\/\/kimatech.fr\/#website\",\"url\":\"http:\/\/kimatech.fr\/\",\"name\":\"Kimatech\",\"description\":\"Conseil en IA et ML\",\"publisher\":{\"@id\":\"http:\/\/kimatech.fr\/#organization\"},\"potentialAction\":[{\"@type\":\"SearchAction\",\"target\":{\"@type\":\"EntryPoint\",\"urlTemplate\":\"http:\/\/kimatech.fr\/?s={search_term_string}\"},\"query-input\":{\"@type\":\"PropertyValueSpecification\",\"valueRequired\":true,\"valueName\":\"search_term_string\"}}],\"inLanguage\":\"fr-FR\"},{\"@type\":\"Organization\",\"@id\":\"http:\/\/kimatech.fr\/#organization\",\"name\":\"Kimatech\",\"url\":\"http:\/\/kimatech.fr\/\",\"logo\":{\"@type\":\"ImageObject\",\"inLanguage\":\"fr-FR\",\"@id\":\"http:\/\/kimatech.fr\/#\/schema\/logo\/image\/\",\"url\":\"https:\/\/kimatech.fr\/wp-content\/uploads\/2023\/10\/cropped-logo_v1.png\",\"contentUrl\":\"https:\/\/kimatech.fr\/wp-content\/uploads\/2023\/10\/cropped-logo_v1.png\",\"width\":587,\"height\":132,\"caption\":\"Kimatech\"},\"image\":{\"@id\":\"http:\/\/kimatech.fr\/#\/schema\/logo\/image\/\"},\"sameAs\":[\"https:\/\/www.linkedin.com\/company\/98614150\/\"]}]}<\/script>\n<!-- \/ Yoast SEO plugin. -->","yoast_head_json":{"title":"Politique de confidentialit\u00e9 - Kimatech","robots":{"index":"index","follow":"follow","max-snippet":"max-snippet:-1","max-image-preview":"max-image-preview:large","max-video-preview":"max-video-preview:-1"},"canonical":"https:\/\/kimatech.fr\/?page_id=3","og_locale":"fr_FR","og_type":"article","og_title":"Politique de confidentialit\u00e9 - Kimatech","og_description":"Objectif La soci\u00e9t\u00e9 Kimatech SAS (ci-apr\u00e8s \u00ab&nbsp;Kimatech&nbsp;\u00bb) s\u2019engage \u00e0 ce que les traitements de donn\u00e9es personnelles effectu\u00e9s sur son site kimatech.fr soient conformes au r\u00e8glement g\u00e9n\u00e9ral sur la protection des ...","og_url":"https:\/\/kimatech.fr\/?page_id=3","og_site_name":"Kimatech","article_modified_time":"2025-10-31T10:51:57+00:00","twitter_card":"summary_large_image","twitter_misc":{"Dur\u00e9e de lecture estim\u00e9e":"2 minutes"},"schema":{"@context":"https:\/\/schema.org","@graph":[{"@type":"WebPage","@id":"https:\/\/kimatech.fr\/?page_id=3","url":"https:\/\/kimatech.fr\/?page_id=3","name":"Politique de confidentialit\u00e9 - Kimatech","isPartOf":{"@id":"http:\/\/kimatech.fr\/#website"},"datePublished":"2023-04-24T13:11:24+00:00","dateModified":"2025-10-31T10:51:57+00:00","breadcrumb":{"@id":"https:\/\/kimatech.fr\/?page_id=3#breadcrumb"},"inLanguage":"fr-FR","potentialAction":[{"@type":"ReadAction","target":["https:\/\/kimatech.fr\/?page_id=3"]}]},{"@type":"BreadcrumbList","@id":"https:\/\/kimatech.fr\/?page_id=3#breadcrumb","itemListElement":[{"@type":"ListItem","position":1,"name":"Accueil","item":"https:\/\/kimatech.fr\/"},{"@type":"ListItem","position":2,"name":"Politique de confidentialit\u00e9"}]},{"@type":"WebSite","@id":"http:\/\/kimatech.fr\/#website","url":"http:\/\/kimatech.fr\/","name":"Kimatech","description":"Conseil en IA et ML","publisher":{"@id":"http:\/\/kimatech.fr\/#organization"},"potentialAction":[{"@type":"SearchAction","target":{"@type":"EntryPoint","urlTemplate":"http:\/\/kimatech.fr\/?s={search_term_string}"},"query-input":{"@type":"PropertyValueSpecification","valueRequired":true,"valueName":"search_term_string"}}],"inLanguage":"fr-FR"},{"@type":"Organization","@id":"http:\/\/kimatech.fr\/#organization","name":"Kimatech","url":"http:\/\/kimatech.fr\/","logo":{"@type":"ImageObject","inLanguage":"fr-FR","@id":"http:\/\/kimatech.fr\/#\/schema\/logo\/image\/","url":"https:\/\/kimatech.fr\/wp-content\/uploads\/2023\/10\/cropped-logo_v1.png","contentUrl":"https:\/\/kimatech.fr\/wp-content\/uploads\/2023\/10\/cropped-logo_v1.png","width":587,"height":132,"caption":"Kimatech"},"image":{"@id":"http:\/\/kimatech.fr\/#\/schema\/logo\/image\/"},"sameAs":["https:\/\/www.linkedin.com\/company\/98614150\/"]}]}},"_links":{"self":[{"href":"https:\/\/kimatech.fr\/index.php?rest_route=\/wp\/v2\/pages\/3","targetHints":{"allow":["GET"]}}],"collection":[{"href":"https:\/\/kimatech.fr\/index.php?rest_route=\/wp\/v2\/pages"}],"about":[{"href":"https:\/\/kimatech.fr\/index.php?rest_route=\/wp\/v2\/types\/page"}],"author":[{"embeddable":true,"href":"https:\/\/kimatech.fr\/index.php?rest_route=\/wp\/v2\/users\/1"}],"replies":[{"embeddable":true,"href":"https:\/\/kimatech.fr\/index.php?rest_route=%2Fwp%2Fv2%2Fcomments&post=3"}],"version-history":[{"count":5,"href":"https:\/\/kimatech.fr\/index.php?rest_route=\/wp\/v2\/pages\/3\/revisions"}],"predecessor-version":[{"id":160,"href":"https:\/\/kimatech.fr\/index.php?rest_route=\/wp\/v2\/pages\/3\/revisions\/160"}],"wp:attachment":[{"href":"https:\/\/kimatech.fr\/index.php?rest_route=%2Fwp%2Fv2%2Fmedia&parent=3"}],"curies":[{"name":"wp","href":"https:\/\/api.w.org\/{rel}","templated":true}]}}