{"id":122,"date":"2024-09-20T10:44:19","date_gmt":"2024-09-20T08:44:19","guid":{"rendered":"https:\/\/kimatech.fr\/?page_id=122"},"modified":"2024-09-20T10:44:20","modified_gmt":"2024-09-20T08:44:20","slug":"politique-qualite","status":"publish","type":"page","link":"https:\/\/kimatech.fr\/?page_id=122","title":{"rendered":"Politique qualit\u00e9"},"content":{"rendered":"\n<p>Assurer la qualit\u00e9 des services li\u00e9s \u00e0 l\u2019Intelligence Artificielle est un processus complexe, mais fondamental. C\u2019est pourquoi, depuis sa cr\u00e9ation, la direction de Kimatech SAS place la qualit\u00e9 au centre de la strat\u00e9gie de la soci\u00e9t\u00e9.<\/p>\n\n\n\n<p>La direction s\u2019engage donc \u00e0 mettre en place un Syst\u00e8me de Management de la Qualit\u00e9 global pour ma\u00eetriser nos processus et g\u00e9rer les risques. Cela nous permettra de s\u2019assurer que les services fournis par la soci\u00e9t\u00e9 se maintiennent au niveau des exigences de nos clients.<\/p>\n\n\n\n<p>Dans un objectif d\u2019am\u00e9lioration continue, cette politique sera affin\u00e9e chaque ann\u00e9e. Elle est de plus communiqu\u00e9e \u00e0 l\u2019ensemble des collaborateurs et partenaires de la soci\u00e9t\u00e9.<\/p>\n\n\n\n<p>Le pr\u00e9sident de la soci\u00e9t\u00e9, Florent Rioland, s\u2019assurera que cette politique est appliqu\u00e9e pour toutes les activit\u00e9s de la soci\u00e9t\u00e9.<\/p>\n","protected":false},"excerpt":{"rendered":"<p>Assurer la qualit\u00e9 des services li\u00e9s \u00e0 l\u2019Intelligence Artificielle est un processus complexe, mais fondamental. C\u2019est pourquoi, depuis sa cr\u00e9ation, la direction de Kimatech SAS place la qualit\u00e9 au centre &#8230;<\/p>\n","protected":false},"author":1,"featured_media":0,"parent":0,"menu_order":0,"comment_status":"closed","ping_status":"closed","template":"","meta":{"footnotes":""},"class_list":["post-122","page","type-page","status-publish","hentry"],"yoast_head":"<!-- This site is optimized with the Yoast SEO plugin v24.1 - https:\/\/yoast.com\/wordpress\/plugins\/seo\/ -->\n<title>Politique qualit\u00e9 - Kimatech<\/title>\n<meta name=\"robots\" content=\"index, follow, max-snippet:-1, max-image-preview:large, max-video-preview:-1\" \/>\n<link rel=\"canonical\" href=\"https:\/\/kimatech.fr\/?page_id=122\" \/>\n<meta property=\"og:locale\" content=\"fr_FR\" \/>\n<meta property=\"og:type\" content=\"article\" \/>\n<meta property=\"og:title\" content=\"Politique qualit\u00e9 - Kimatech\" \/>\n<meta property=\"og:description\" content=\"Assurer la qualit\u00e9 des services li\u00e9s \u00e0 l\u2019Intelligence Artificielle est un processus complexe, mais fondamental. C\u2019est pourquoi, depuis sa cr\u00e9ation, la direction de Kimatech SAS place la qualit\u00e9 au centre ...\" \/>\n<meta property=\"og:url\" content=\"https:\/\/kimatech.fr\/?page_id=122\" \/>\n<meta property=\"og:site_name\" content=\"Kimatech\" \/>\n<meta property=\"article:modified_time\" content=\"2024-09-20T08:44:20+00:00\" \/>\n<meta name=\"twitter:card\" content=\"summary_large_image\" \/>\n<meta name=\"twitter:label1\" content=\"Dur\u00e9e de lecture estim\u00e9e\" \/>\n\t<meta name=\"twitter:data1\" content=\"1 minute\" \/>\n<script type=\"application\/ld+json\" class=\"yoast-schema-graph\">{\"@context\":\"https:\/\/schema.org\",\"@graph\":[{\"@type\":\"WebPage\",\"@id\":\"https:\/\/kimatech.fr\/?page_id=122\",\"url\":\"https:\/\/kimatech.fr\/?page_id=122\",\"name\":\"Politique qualit\u00e9 - Kimatech\",\"isPartOf\":{\"@id\":\"http:\/\/kimatech.fr\/#website\"},\"datePublished\":\"2024-09-20T08:44:19+00:00\",\"dateModified\":\"2024-09-20T08:44:20+00:00\",\"breadcrumb\":{\"@id\":\"https:\/\/kimatech.fr\/?page_id=122#breadcrumb\"},\"inLanguage\":\"fr-FR\",\"potentialAction\":[{\"@type\":\"ReadAction\",\"target\":[\"https:\/\/kimatech.fr\/?page_id=122\"]}]},{\"@type\":\"BreadcrumbList\",\"@id\":\"https:\/\/kimatech.fr\/?page_id=122#breadcrumb\",\"itemListElement\":[{\"@type\":\"ListItem\",\"position\":1,\"name\":\"Accueil\",\"item\":\"https:\/\/kimatech.fr\/\"},{\"@type\":\"ListItem\",\"position\":2,\"name\":\"Politique qualit\u00e9\"}]},{\"@type\":\"WebSite\",\"@id\":\"http:\/\/kimatech.fr\/#website\",\"url\":\"http:\/\/kimatech.fr\/\",\"name\":\"Kimatech\",\"description\":\"Conseil en IA et ML\",\"publisher\":{\"@id\":\"http:\/\/kimatech.fr\/#organization\"},\"potentialAction\":[{\"@type\":\"SearchAction\",\"target\":{\"@type\":\"EntryPoint\",\"urlTemplate\":\"http:\/\/kimatech.fr\/?s={search_term_string}\"},\"query-input\":{\"@type\":\"PropertyValueSpecification\",\"valueRequired\":true,\"valueName\":\"search_term_string\"}}],\"inLanguage\":\"fr-FR\"},{\"@type\":\"Organization\",\"@id\":\"http:\/\/kimatech.fr\/#organization\",\"name\":\"Kimatech\",\"url\":\"http:\/\/kimatech.fr\/\",\"logo\":{\"@type\":\"ImageObject\",\"inLanguage\":\"fr-FR\",\"@id\":\"http:\/\/kimatech.fr\/#\/schema\/logo\/image\/\",\"url\":\"https:\/\/kimatech.fr\/wp-content\/uploads\/2023\/10\/cropped-logo_v1.png\",\"contentUrl\":\"https:\/\/kimatech.fr\/wp-content\/uploads\/2023\/10\/cropped-logo_v1.png\",\"width\":587,\"height\":132,\"caption\":\"Kimatech\"},\"image\":{\"@id\":\"http:\/\/kimatech.fr\/#\/schema\/logo\/image\/\"},\"sameAs\":[\"https:\/\/www.linkedin.com\/company\/98614150\/\"]}]}<\/script>\n<!-- \/ Yoast SEO plugin. -->","yoast_head_json":{"title":"Politique qualit\u00e9 - Kimatech","robots":{"index":"index","follow":"follow","max-snippet":"max-snippet:-1","max-image-preview":"max-image-preview:large","max-video-preview":"max-video-preview:-1"},"canonical":"https:\/\/kimatech.fr\/?page_id=122","og_locale":"fr_FR","og_type":"article","og_title":"Politique qualit\u00e9 - Kimatech","og_description":"Assurer la qualit\u00e9 des services li\u00e9s \u00e0 l\u2019Intelligence Artificielle est un processus complexe, mais fondamental. C\u2019est pourquoi, depuis sa cr\u00e9ation, la direction de Kimatech SAS place la qualit\u00e9 au centre ...","og_url":"https:\/\/kimatech.fr\/?page_id=122","og_site_name":"Kimatech","article_modified_time":"2024-09-20T08:44:20+00:00","twitter_card":"summary_large_image","twitter_misc":{"Dur\u00e9e de lecture estim\u00e9e":"1 minute"},"schema":{"@context":"https:\/\/schema.org","@graph":[{"@type":"WebPage","@id":"https:\/\/kimatech.fr\/?page_id=122","url":"https:\/\/kimatech.fr\/?page_id=122","name":"Politique qualit\u00e9 - Kimatech","isPartOf":{"@id":"http:\/\/kimatech.fr\/#website"},"datePublished":"2024-09-20T08:44:19+00:00","dateModified":"2024-09-20T08:44:20+00:00","breadcrumb":{"@id":"https:\/\/kimatech.fr\/?page_id=122#breadcrumb"},"inLanguage":"fr-FR","potentialAction":[{"@type":"ReadAction","target":["https:\/\/kimatech.fr\/?page_id=122"]}]},{"@type":"BreadcrumbList","@id":"https:\/\/kimatech.fr\/?page_id=122#breadcrumb","itemListElement":[{"@type":"ListItem","position":1,"name":"Accueil","item":"https:\/\/kimatech.fr\/"},{"@type":"ListItem","position":2,"name":"Politique qualit\u00e9"}]},{"@type":"WebSite","@id":"http:\/\/kimatech.fr\/#website","url":"http:\/\/kimatech.fr\/","name":"Kimatech","description":"Conseil en IA et ML","publisher":{"@id":"http:\/\/kimatech.fr\/#organization"},"potentialAction":[{"@type":"SearchAction","target":{"@type":"EntryPoint","urlTemplate":"http:\/\/kimatech.fr\/?s={search_term_string}"},"query-input":{"@type":"PropertyValueSpecification","valueRequired":true,"valueName":"search_term_string"}}],"inLanguage":"fr-FR"},{"@type":"Organization","@id":"http:\/\/kimatech.fr\/#organization","name":"Kimatech","url":"http:\/\/kimatech.fr\/","logo":{"@type":"ImageObject","inLanguage":"fr-FR","@id":"http:\/\/kimatech.fr\/#\/schema\/logo\/image\/","url":"https:\/\/kimatech.fr\/wp-content\/uploads\/2023\/10\/cropped-logo_v1.png","contentUrl":"https:\/\/kimatech.fr\/wp-content\/uploads\/2023\/10\/cropped-logo_v1.png","width":587,"height":132,"caption":"Kimatech"},"image":{"@id":"http:\/\/kimatech.fr\/#\/schema\/logo\/image\/"},"sameAs":["https:\/\/www.linkedin.com\/company\/98614150\/"]}]}},"_links":{"self":[{"href":"https:\/\/kimatech.fr\/index.php?rest_route=\/wp\/v2\/pages\/122","targetHints":{"allow":["GET"]}}],"collection":[{"href":"https:\/\/kimatech.fr\/index.php?rest_route=\/wp\/v2\/pages"}],"about":[{"href":"https:\/\/kimatech.fr\/index.php?rest_route=\/wp\/v2\/types\/page"}],"author":[{"embeddable":true,"href":"https:\/\/kimatech.fr\/index.php?rest_route=\/wp\/v2\/users\/1"}],"replies":[{"embeddable":true,"href":"https:\/\/kimatech.fr\/index.php?rest_route=%2Fwp%2Fv2%2Fcomments&post=122"}],"version-history":[{"count":1,"href":"https:\/\/kimatech.fr\/index.php?rest_route=\/wp\/v2\/pages\/122\/revisions"}],"predecessor-version":[{"id":123,"href":"https:\/\/kimatech.fr\/index.php?rest_route=\/wp\/v2\/pages\/122\/revisions\/123"}],"wp:attachment":[{"href":"https:\/\/kimatech.fr\/index.php?rest_route=%2Fwp%2Fv2%2Fmedia&parent=122"}],"curies":[{"name":"wp","href":"https:\/\/api.w.org\/{rel}","templated":true}]}}